{"id":1371,"date":"2019-01-31T15:46:36","date_gmt":"2019-01-31T14:46:36","guid":{"rendered":"https:\/\/alexmiescher.ch\/?page_id=1371"},"modified":"2024-03-18T14:09:03","modified_gmt":"2024-03-18T13:09:03","slug":"portrait","status":"publish","type":"page","link":"https:\/\/alexmiescher.ch\/fr\/portrait\/","title":{"rendered":"Portrait"},"content":{"rendered":"<p>[et_pb_section fb_built=\u00a0\u00bb1&Prime; fullwidth=\u00a0\u00bbon\u00a0\u00bb custom_padding_last_edited=\u00a0\u00bbon|tablet\u00a0\u00bb disabled_on=\u00a0\u00bboff|off|off\u00a0\u00bb _builder_version=\u00a0\u00bb4.16&Prime; parallax=\u00a0\u00bbon\u00a0\u00bb custom_padding_tablet=\u00a0\u00bb||0px|\u00a0\u00bb custom_padding_phone=\u00a0\u00bb\u00a0\u00bb transparent_background=\u00a0\u00bboff\u00a0\u00bb global_colors_info=\u00a0\u00bb{}\u00a0\u00bb][et_pb_fullwidth_slider admin_label=\u00a0\u00bbAutomatischer Slider\u00a0\u00bb _builder_version=\u00a0\u00bb4.16&Prime; background_color=\u00a0\u00bb#ffffff\u00a0\u00bb content_width=\u00a0\u00bb85%\u00a0\u00bb auto=\u00a0\u00bbon\u00a0\u00bb auto_speed=\u00a0\u00bb6000&Prime; global_colors_info=\u00a0\u00bb{}\u00a0\u00bb button_text_size__hover_enabled=\u00a0\u00bboff\u00a0\u00bb button_text_size__hover=\u00a0\u00bbnull\u00a0\u00bb button_one_text_size__hover_enabled=\u00a0\u00bboff\u00a0\u00bb button_one_text_size__hover=\u00a0\u00bbnull\u00a0\u00bb button_two_text_size__hover_enabled=\u00a0\u00bboff\u00a0\u00bb button_two_text_size__hover=\u00a0\u00bbnull\u00a0\u00bb button_text_color__hover_enabled=\u00a0\u00bboff\u00a0\u00bb button_text_color__hover=\u00a0\u00bbnull\u00a0\u00bb button_one_text_color__hover_enabled=\u00a0\u00bboff\u00a0\u00bb button_one_text_color__hover=\u00a0\u00bbnull\u00a0\u00bb button_two_text_color__hover_enabled=\u00a0\u00bboff\u00a0\u00bb button_two_text_color__hover=\u00a0\u00bbnull\u00a0\u00bb button_border_width__hover_enabled=\u00a0\u00bboff\u00a0\u00bb button_border_width__hover=\u00a0\u00bbnull\u00a0\u00bb button_one_border_width__hover_enabled=\u00a0\u00bboff\u00a0\u00bb button_one_border_width__hover=\u00a0\u00bbnull\u00a0\u00bb button_two_border_width__hover_enabled=\u00a0\u00bboff\u00a0\u00bb button_two_border_width__hover=\u00a0\u00bbnull\u00a0\u00bb button_border_color__hover_enabled=\u00a0\u00bboff\u00a0\u00bb button_border_color__hover=\u00a0\u00bbnull\u00a0\u00bb button_one_border_color__hover_enabled=\u00a0\u00bboff\u00a0\u00bb button_one_border_color__hover=\u00a0\u00bbnull\u00a0\u00bb button_two_border_color__hover_enabled=\u00a0\u00bboff\u00a0\u00bb button_two_border_color__hover=\u00a0\u00bbnull\u00a0\u00bb button_border_radius__hover_enabled=\u00a0\u00bboff\u00a0\u00bb button_border_radius__hover=\u00a0\u00bbnull\u00a0\u00bb button_one_border_radius__hover_enabled=\u00a0\u00bboff\u00a0\u00bb button_one_border_radius__hover=\u00a0\u00bbnull\u00a0\u00bb button_two_border_radius__hover_enabled=\u00a0\u00bboff\u00a0\u00bb button_two_border_radius__hover=\u00a0\u00bbnull\u00a0\u00bb button_letter_spacing__hover_enabled=\u00a0\u00bboff\u00a0\u00bb button_letter_spacing__hover=\u00a0\u00bbnull\u00a0\u00bb button_one_letter_spacing__hover_enabled=\u00a0\u00bboff\u00a0\u00bb button_one_letter_spacing__hover=\u00a0\u00bbnull\u00a0\u00bb button_two_letter_spacing__hover_enabled=\u00a0\u00bboff\u00a0\u00bb button_two_letter_spacing__hover=\u00a0\u00bbnull\u00a0\u00bb button_bg_color__hover_enabled=\u00a0\u00bboff\u00a0\u00bb button_bg_color__hover=\u00a0\u00bbnull\u00a0\u00bb button_one_bg_color__hover_enabled=\u00a0\u00bboff\u00a0\u00bb button_one_bg_color__hover=\u00a0\u00bbnull\u00a0\u00bb button_two_bg_color__hover_enabled=\u00a0\u00bboff\u00a0\u00bb button_two_bg_color__hover=\u00a0\u00bbnull\u00a0\u00bb][et_pb_slide use_bg_overlay=\u00a0\u00bboff\u00a0\u00bb use_text_overlay=\u00a0\u00bboff\u00a0\u00bb _builder_version=\u00a0\u00bb4.16&Prime; background_image=\u00a0\u00bbhttps:\/\/alexmiescher.ch\/wp-content\/uploads\/2019\/02\/F_Banner_Portrait_1.jpg\u00a0\u00bb button_on_hover=\u00a0\u00bbon\u00a0\u00bb global_colors_info=\u00a0\u00bb{}\u00a0\u00bb sticky_transition=\u00a0\u00bbon\u00a0\u00bb][\/et_pb_slide][\/et_pb_fullwidth_slider][\/et_pb_section][et_pb_section fb_built=\u00a0\u00bb1&Prime; custom_padding_last_edited=\u00a0\u00bbon|desktop\u00a0\u00bb admin_label=\u00a0\u00bbCourses\u00a0\u00bb _builder_version=\u00a0\u00bb4.16&Prime; custom_padding=\u00a0\u00bb60px|0px|60px|0px\u00a0\u00bb custom_padding_tablet=\u00a0\u00bb\u00a0\u00bb custom_padding_phone=\u00a0\u00bb\u00a0\u00bb global_colors_info=\u00a0\u00bb{}\u00a0\u00bb][et_pb_row custom_padding_last_edited=\u00a0\u00bbon|tablet\u00a0\u00bb _builder_version=\u00a0\u00bb4.16&Prime; background_size=\u00a0\u00bbinitial\u00a0\u00bb background_position=\u00a0\u00bbtop_left\u00a0\u00bb background_repeat=\u00a0\u00bbrepeat\u00a0\u00bb custom_padding=\u00a0\u00bb0px|0px|40px|0px\u00a0\u00bb custom_padding_tablet=\u00a0\u00bb0px|0px|0px|0px\u00a0\u00bb custom_padding_phone=\u00a0\u00bb\u00a0\u00bb global_colors_info=\u00a0\u00bb{}\u00a0\u00bb][et_pb_column type=\u00a0\u00bb4_4&Prime; _builder_version=\u00a0\u00bb4.16&Prime; custom_padding=\u00a0\u00bb|||\u00a0\u00bb global_colors_info=\u00a0\u00bb{}\u00a0\u00bb custom_padding__hover=\u00a0\u00bb|||\u00a0\u00bb][et_pb_text admin_label=\u00a0\u00bbA propos d&rsquo;Alex Miescher\u00a0\u00bb _builder_version=\u00a0\u00bb4.16&Prime; global_colors_info=\u00a0\u00bb{}\u00a0\u00bb]<\/p>\n<h1 style=\"text-align: center;\">A propos d&rsquo;Alex Miescher<\/h1>\n<p>[\/et_pb_text][\/et_pb_column][\/et_pb_row][et_pb_row column_structure=\u00a0\u00bb3_5,2_5&Prime; _builder_version=\u00a0\u00bb4.16&Prime; background_size=\u00a0\u00bbinitial\u00a0\u00bb background_position=\u00a0\u00bbtop_left\u00a0\u00bb background_repeat=\u00a0\u00bbrepeat\u00a0\u00bb global_colors_info=\u00a0\u00bb{}\u00a0\u00bb][et_pb_column type=\u00a0\u00bb3_5&Prime; _builder_version=\u00a0\u00bb4.16&Prime; custom_padding=\u00a0\u00bb|||\u00a0\u00bb global_colors_info=\u00a0\u00bb{}\u00a0\u00bb custom_padding__hover=\u00a0\u00bb|||\u00a0\u00bb][et_pb_text admin_label=\u00a0\u00bbEn tant que pilote, manager et consultant,&#8230;\u00a0\u00bb _builder_version=\u00a0\u00bb4.16&Prime; global_colors_info=\u00a0\u00bb{}\u00a0\u00bb]<\/p>\n<p>En tant que pilote, manager et consultant, j&rsquo;ai eu le privil\u00e8ge de parcourir le monde, ce que j&rsquo;ai toujours trouv\u00e9 tr\u00e8s enrichissant. Cependant, j&rsquo;ai souhait\u00e9 garder ma r\u00e9sidence dans la r\u00e9gion de Soleure, un lieu de force au centre de la Suisse dans lequel r\u00e8gne un sentiment apaisant de d\u00e9contraction. Les voyages r\u00e9guliers dans le monde entier me donnent une ouverture culturelle et une capacit\u00e9 d&rsquo;adaptation &#8211; l&rsquo;enracinement dans mon pays natal, la stabilit\u00e9 et la paix.<\/p>\n<p>Je suis mari\u00e9 \u00e0 Sibylle Miescher-Jost depuis 1993 avec laquelle j&rsquo;ai eu deux enfants adultes.<\/p>\n<p>De 1991 \u00e0 2009, j&rsquo;ai \u00e9t\u00e9 pilote militaire professionnel (entre autres sur le Vampire, le F-5 TIGER et le F\/A-18 HORNET), instructeur de vol, commandant de base a\u00e9rienne (grade de colonel d&rsquo;\u00e9tat-major g\u00e9n\u00e9ral) et officier d&rsquo;\u00e9tat-major. \u00a0De 2009 \u00e0 2018, j&rsquo;ai \u0153uvr\u00e9 comme secr\u00e9taire g\u00e9n\u00e9ral \u00e0 l&rsquo;Association Suisse de Football (ASF).<\/p>\n<p>A partir de 2000, j&rsquo;ai commenc\u00e9 \u00e0 acqu\u00e9rir de l&rsquo;exp\u00e9rience en tant que coach et consultant, d&rsquo;abord en simple freelance. Depuis ao\u00fbt 2018, cette activit\u00e9 est devenue mon m\u00e9tier principal.<\/p>\n<p>&nbsp;<\/p>\n<h2>Formations acad\u00e9miques :<\/h2>\n<ul>\n<li>Licence en \u00e9conomie politique (Universit\u00e9 de Berne)<\/li>\n<li>Master of Defence Administration (RMCS\/Cranfield University, Royaume-Uni)<\/li>\n<li>Executive Master in Consulting and Coaching for Change (INSEAD, Paris)<\/li>\n<\/ul>\n<p>Je parle l\u2019allemand, le fran\u00e7ais et l\u2019anglais et je comprends l\u2019italien.<\/p>\n<p>[\/et_pb_text][\/et_pb_column][et_pb_column type=\u00a0\u00bb2_5&Prime; _builder_version=\u00a0\u00bb4.16&Prime; custom_padding=\u00a0\u00bb|||\u00a0\u00bb global_colors_info=\u00a0\u00bb{}\u00a0\u00bb custom_padding__hover=\u00a0\u00bb|||\u00a0\u00bb][et_pb_image src=\u00a0\u00bbhttps:\/\/alexmiescher.ch\/wp-content\/uploads\/2023\/11\/alex_miescher_1.jpg\u00a0\u00bb show_in_lightbox=\u00a0\u00bbon\u00a0\u00bb align_tablet=\u00a0\u00bbcenter\u00a0\u00bb align_phone=\u00a0\u00bb\u00a0\u00bb align_last_edited=\u00a0\u00bbon|desktop\u00a0\u00bb _builder_version=\u00a0\u00bb4.24.2&Prime; hover_enabled=\u00a0\u00bb0&Prime; box_shadow_style=\u00a0\u00bbpreset2&Prime; saved_tabs=\u00a0\u00bball\u00a0\u00bb global_colors_info=\u00a0\u00bb{}\u00a0\u00bb alt=\u00a0\u00bbAlex Miescher &#8211; Portrait\u00a0\u00bb title_text=\u00a0\u00bbAlex Miescher\u00a0\u00bb sticky_enabled=\u00a0\u00bb0&Prime;]<\/p>\n<p>\n&nbsp;<\/p>\n<p>[\/et_pb_image][\/et_pb_column][\/et_pb_row][\/et_pb_section]<\/p>\n","protected":false},"excerpt":{"rendered":"<p>A propos d&rsquo;Alex Miescher En tant que pilote, manager et consultant, j&rsquo;ai eu le privil\u00e8ge de parcourir le monde, ce que j&rsquo;ai toujours trouv\u00e9 tr\u00e8s enrichissant. Cependant, j&rsquo;ai souhait\u00e9 garder ma r\u00e9sidence dans la r\u00e9gion de Soleure, un lieu de force au centre de la Suisse dans lequel r\u00e8gne un sentiment apaisant de d\u00e9contraction. Les [&hellip;]<\/p>\n","protected":false},"author":5,"featured_media":0,"parent":0,"menu_order":50,"comment_status":"closed","ping_status":"closed","template":"","meta":{"_acf_changed":false,"_et_pb_use_builder":"on","_et_pb_old_content":"","_et_gb_content_width":"","footnotes":""},"class_list":["post-1371","page","type-page","status-publish","hentry"],"acf":[],"yoast_head":"<!-- This site is optimized with the Yoast SEO plugin v27.4 - https:\/\/yoast.com\/product\/yoast-seo-wordpress\/ -->\n<title>Portrait - Alex Miescher<\/title>\n<meta name=\"robots\" content=\"index, follow, max-snippet:-1, max-image-preview:large, max-video-preview:-1\" \/>\n<link rel=\"canonical\" href=\"https:\/\/alexmiescher.ch\/fr\/portrait\/\" \/>\n<meta property=\"og:locale\" content=\"fr_FR\" \/>\n<meta property=\"og:type\" content=\"article\" \/>\n<meta property=\"og:title\" content=\"Portrait - Alex Miescher\" \/>\n<meta property=\"og:description\" content=\"A propos d&#039;Alex Miescher En tant que pilote, manager et consultant, j&#039;ai eu le privil\u00e8ge de parcourir le monde, ce que j&#039;ai toujours trouv\u00e9 tr\u00e8s enrichissant. Cependant, j&#039;ai souhait\u00e9 garder ma r\u00e9sidence dans la r\u00e9gion de Soleure, un lieu de force au centre de la Suisse dans lequel r\u00e8gne un sentiment apaisant de d\u00e9contraction. Les [&hellip;]\" \/>\n<meta property=\"og:url\" content=\"https:\/\/alexmiescher.ch\/fr\/portrait\/\" \/>\n<meta property=\"og:site_name\" content=\"Alex Miescher\" \/>\n<meta property=\"article:modified_time\" content=\"2024-03-18T13:09:03+00:00\" \/>\n<meta name=\"twitter:card\" content=\"summary_large_image\" \/>\n<meta name=\"twitter:label1\" content=\"Dur\u00e9e de lecture estim\u00e9e\" \/>\n\t<meta name=\"twitter:data1\" content=\"4 minutes\" \/>\n<script type=\"application\/ld+json\" class=\"yoast-schema-graph\">{\"@context\":\"https:\\\/\\\/schema.org\",\"@graph\":[{\"@type\":\"WebPage\",\"@id\":\"https:\\\/\\\/alexmiescher.ch\\\/fr\\\/portrait\\\/\",\"url\":\"https:\\\/\\\/alexmiescher.ch\\\/fr\\\/portrait\\\/\",\"name\":\"Portrait - Alex Miescher\",\"isPartOf\":{\"@id\":\"https:\\\/\\\/alexmiescher.ch\\\/fr\\\/#website\"},\"datePublished\":\"2019-01-31T14:46:36+00:00\",\"dateModified\":\"2024-03-18T13:09:03+00:00\",\"breadcrumb\":{\"@id\":\"https:\\\/\\\/alexmiescher.ch\\\/fr\\\/portrait\\\/#breadcrumb\"},\"inLanguage\":\"fr-FR\",\"potentialAction\":[{\"@type\":\"ReadAction\",\"target\":[\"https:\\\/\\\/alexmiescher.ch\\\/fr\\\/portrait\\\/\"]}]},{\"@type\":\"BreadcrumbList\",\"@id\":\"https:\\\/\\\/alexmiescher.ch\\\/fr\\\/portrait\\\/#breadcrumb\",\"itemListElement\":[{\"@type\":\"ListItem\",\"position\":1,\"name\":\"Startseite\",\"item\":\"https:\\\/\\\/alexmiescher.ch\\\/fr\\\/\"},{\"@type\":\"ListItem\",\"position\":2,\"name\":\"Portrait\"}]},{\"@type\":\"WebSite\",\"@id\":\"https:\\\/\\\/alexmiescher.ch\\\/fr\\\/#website\",\"url\":\"https:\\\/\\\/alexmiescher.ch\\\/fr\\\/\",\"name\":\"Alex Miescher\",\"description\":\"Consultant\",\"potentialAction\":[{\"@type\":\"SearchAction\",\"target\":{\"@type\":\"EntryPoint\",\"urlTemplate\":\"https:\\\/\\\/alexmiescher.ch\\\/fr\\\/?s={search_term_string}\"},\"query-input\":{\"@type\":\"PropertyValueSpecification\",\"valueRequired\":true,\"valueName\":\"search_term_string\"}}],\"inLanguage\":\"fr-FR\"}]}<\/script>\n<!-- \/ Yoast SEO plugin. -->","yoast_head_json":{"title":"Portrait - Alex Miescher","robots":{"index":"index","follow":"follow","max-snippet":"max-snippet:-1","max-image-preview":"max-image-preview:large","max-video-preview":"max-video-preview:-1"},"canonical":"https:\/\/alexmiescher.ch\/fr\/portrait\/","og_locale":"fr_FR","og_type":"article","og_title":"Portrait - Alex Miescher","og_description":"A propos d'Alex Miescher En tant que pilote, manager et consultant, j'ai eu le privil\u00e8ge de parcourir le monde, ce que j'ai toujours trouv\u00e9 tr\u00e8s enrichissant. Cependant, j'ai souhait\u00e9 garder ma r\u00e9sidence dans la r\u00e9gion de Soleure, un lieu de force au centre de la Suisse dans lequel r\u00e8gne un sentiment apaisant de d\u00e9contraction. Les [&hellip;]","og_url":"https:\/\/alexmiescher.ch\/fr\/portrait\/","og_site_name":"Alex Miescher","article_modified_time":"2024-03-18T13:09:03+00:00","twitter_card":"summary_large_image","twitter_misc":{"Dur\u00e9e de lecture estim\u00e9e":"4 minutes"},"schema":{"@context":"https:\/\/schema.org","@graph":[{"@type":"WebPage","@id":"https:\/\/alexmiescher.ch\/fr\/portrait\/","url":"https:\/\/alexmiescher.ch\/fr\/portrait\/","name":"Portrait - Alex Miescher","isPartOf":{"@id":"https:\/\/alexmiescher.ch\/fr\/#website"},"datePublished":"2019-01-31T14:46:36+00:00","dateModified":"2024-03-18T13:09:03+00:00","breadcrumb":{"@id":"https:\/\/alexmiescher.ch\/fr\/portrait\/#breadcrumb"},"inLanguage":"fr-FR","potentialAction":[{"@type":"ReadAction","target":["https:\/\/alexmiescher.ch\/fr\/portrait\/"]}]},{"@type":"BreadcrumbList","@id":"https:\/\/alexmiescher.ch\/fr\/portrait\/#breadcrumb","itemListElement":[{"@type":"ListItem","position":1,"name":"Startseite","item":"https:\/\/alexmiescher.ch\/fr\/"},{"@type":"ListItem","position":2,"name":"Portrait"}]},{"@type":"WebSite","@id":"https:\/\/alexmiescher.ch\/fr\/#website","url":"https:\/\/alexmiescher.ch\/fr\/","name":"Alex Miescher","description":"Consultant","potentialAction":[{"@type":"SearchAction","target":{"@type":"EntryPoint","urlTemplate":"https:\/\/alexmiescher.ch\/fr\/?s={search_term_string}"},"query-input":{"@type":"PropertyValueSpecification","valueRequired":true,"valueName":"search_term_string"}}],"inLanguage":"fr-FR"}]}},"_links":{"self":[{"href":"https:\/\/alexmiescher.ch\/fr\/wp-json\/wp\/v2\/pages\/1371","targetHints":{"allow":["GET"]}}],"collection":[{"href":"https:\/\/alexmiescher.ch\/fr\/wp-json\/wp\/v2\/pages"}],"about":[{"href":"https:\/\/alexmiescher.ch\/fr\/wp-json\/wp\/v2\/types\/page"}],"author":[{"embeddable":true,"href":"https:\/\/alexmiescher.ch\/fr\/wp-json\/wp\/v2\/users\/5"}],"replies":[{"embeddable":true,"href":"https:\/\/alexmiescher.ch\/fr\/wp-json\/wp\/v2\/comments?post=1371"}],"version-history":[{"count":0,"href":"https:\/\/alexmiescher.ch\/fr\/wp-json\/wp\/v2\/pages\/1371\/revisions"}],"wp:attachment":[{"href":"https:\/\/alexmiescher.ch\/fr\/wp-json\/wp\/v2\/media?parent=1371"}],"curies":[{"name":"wp","href":"https:\/\/api.w.org\/{rel}","templated":true}]}}