{"id":1338,"date":"2019-01-31T15:30:45","date_gmt":"2019-01-31T14:30:45","guid":{"rendered":"https:\/\/alexmiescher.ch\/?page_id=1338"},"modified":"2024-03-18T14:16:38","modified_gmt":"2024-03-18T13:16:38","slug":"home","status":"publish","type":"page","link":"https:\/\/alexmiescher.ch\/fr\/","title":{"rendered":"Accueil"},"content":{"rendered":"<p>[et_pb_section fb_built=\u00a0\u00bb1&Prime; fullwidth=\u00a0\u00bbon\u00a0\u00bb _builder_version=\u00a0\u00bb4.16&Prime; global_colors_info=\u00a0\u00bb{}\u00a0\u00bb][et_pb_fullwidth_slider _builder_version=\u00a0\u00bb4.5.1&Prime; content_width=\u00a0\u00bb85%\u00a0\u00bb auto=\u00a0\u00bbon\u00a0\u00bb auto_speed=\u00a0\u00bb6000&Prime; auto_ignore_hover=\u00a0\u00bbon\u00a0\u00bb global_module=\u00a0\u00bb1615&Prime; saved_tabs=\u00a0\u00bball\u00a0\u00bb global_colors_info=\u00a0\u00bb{}\u00a0\u00bb button_text_size__hover_enabled=\u00a0\u00bboff\u00a0\u00bb button_text_size__hover=\u00a0\u00bbnull\u00a0\u00bb button_one_text_size__hover_enabled=\u00a0\u00bboff\u00a0\u00bb button_one_text_size__hover=\u00a0\u00bbnull\u00a0\u00bb button_two_text_size__hover_enabled=\u00a0\u00bboff\u00a0\u00bb button_two_text_size__hover=\u00a0\u00bbnull\u00a0\u00bb button_text_color__hover_enabled=\u00a0\u00bboff\u00a0\u00bb button_text_color__hover=\u00a0\u00bbnull\u00a0\u00bb button_one_text_color__hover_enabled=\u00a0\u00bboff\u00a0\u00bb button_one_text_color__hover=\u00a0\u00bbnull\u00a0\u00bb button_two_text_color__hover_enabled=\u00a0\u00bboff\u00a0\u00bb button_two_text_color__hover=\u00a0\u00bbnull\u00a0\u00bb button_border_width__hover_enabled=\u00a0\u00bboff\u00a0\u00bb button_border_width__hover=\u00a0\u00bbnull\u00a0\u00bb button_one_border_width__hover_enabled=\u00a0\u00bboff\u00a0\u00bb button_one_border_width__hover=\u00a0\u00bbnull\u00a0\u00bb button_two_border_width__hover_enabled=\u00a0\u00bboff\u00a0\u00bb button_two_border_width__hover=\u00a0\u00bbnull\u00a0\u00bb button_border_color__hover_enabled=\u00a0\u00bboff\u00a0\u00bb button_border_color__hover=\u00a0\u00bbnull\u00a0\u00bb button_one_border_color__hover_enabled=\u00a0\u00bboff\u00a0\u00bb button_one_border_color__hover=\u00a0\u00bbnull\u00a0\u00bb button_two_border_color__hover_enabled=\u00a0\u00bboff\u00a0\u00bb button_two_border_color__hover=\u00a0\u00bbnull\u00a0\u00bb button_border_radius__hover_enabled=\u00a0\u00bboff\u00a0\u00bb button_border_radius__hover=\u00a0\u00bbnull\u00a0\u00bb button_one_border_radius__hover_enabled=\u00a0\u00bboff\u00a0\u00bb button_one_border_radius__hover=\u00a0\u00bbnull\u00a0\u00bb button_two_border_radius__hover_enabled=\u00a0\u00bboff\u00a0\u00bb button_two_border_radius__hover=\u00a0\u00bbnull\u00a0\u00bb button_letter_spacing__hover_enabled=\u00a0\u00bboff\u00a0\u00bb button_letter_spacing__hover=\u00a0\u00bbnull\u00a0\u00bb button_one_letter_spacing__hover_enabled=\u00a0\u00bboff\u00a0\u00bb button_one_letter_spacing__hover=\u00a0\u00bbnull\u00a0\u00bb button_two_letter_spacing__hover_enabled=\u00a0\u00bboff\u00a0\u00bb button_two_letter_spacing__hover=\u00a0\u00bbnull\u00a0\u00bb button_bg_color__hover_enabled=\u00a0\u00bboff\u00a0\u00bb button_bg_color__hover=\u00a0\u00bbnull\u00a0\u00bb button_one_bg_color__hover_enabled=\u00a0\u00bboff\u00a0\u00bb button_one_bg_color__hover=\u00a0\u00bbnull\u00a0\u00bb button_two_bg_color__hover_enabled=\u00a0\u00bboff\u00a0\u00bb button_two_bg_color__hover=\u00a0\u00bbnull\u00a0\u00bb][et_pb_slide use_bg_overlay=\u00a0\u00bboff\u00a0\u00bb use_text_overlay=\u00a0\u00bboff\u00a0\u00bb _builder_version=\u00a0\u00bb4.16&Prime; background_image=\u00a0\u00bbhttps:\/\/alexmiescher.ch\/wp-content\/uploads\/2019\/02\/F_Banner_Du_Wow.jpg\u00a0\u00bb button_on_hover=\u00a0\u00bbon\u00a0\u00bb global_colors_info=\u00a0\u00bb{}\u00a0\u00bb sticky_transition=\u00a0\u00bbon\u00a0\u00bb][\/et_pb_slide][et_pb_slide use_bg_overlay=\u00a0\u00bboff\u00a0\u00bb use_text_overlay=\u00a0\u00bboff\u00a0\u00bb _builder_version=\u00a0\u00bb4.16&Prime; background_image=\u00a0\u00bbhttps:\/\/alexmiescher.ch\/wp-content\/uploads\/2019\/02\/F_Banner_Du-masque.jpg\u00a0\u00bb button_on_hover=\u00a0\u00bbon\u00a0\u00bb global_colors_info=\u00a0\u00bb{}\u00a0\u00bb sticky_transition=\u00a0\u00bbon\u00a0\u00bb][\/et_pb_slide][et_pb_slide use_bg_overlay=\u00a0\u00bboff\u00a0\u00bb use_text_overlay=\u00a0\u00bboff\u00a0\u00bb _builder_version=\u00a0\u00bb4.16&Prime; background_image=\u00a0\u00bbhttps:\/\/alexmiescher.ch\/wp-content\/uploads\/2019\/02\/F_Banner_De_Sisyphe_1.jpg\u00a0\u00bb button_on_hover=\u00a0\u00bbon\u00a0\u00bb global_colors_info=\u00a0\u00bb{}\u00a0\u00bb sticky_transition=\u00a0\u00bbon\u00a0\u00bb][\/et_pb_slide][\/et_pb_fullwidth_slider][\/et_pb_section][et_pb_section fb_built=\u00a0\u00bb1&Prime; custom_padding_last_edited=\u00a0\u00bbon|tablet\u00a0\u00bb disabled_on=\u00a0\u00bboff|off|off\u00a0\u00bb module_class=\u00a0\u00bbbig-triangle-white\u00a0\u00bb _builder_version=\u00a0\u00bb4.16&Prime; background_color=\u00a0\u00bb#e8e8e8&Prime; custom_padding_tablet=\u00a0\u00bb||0px|\u00a0\u00bb custom_padding_phone=\u00a0\u00bb20px||20px|\u00a0\u00bb global_colors_info=\u00a0\u00bb{}\u00a0\u00bb][et_pb_row _builder_version=\u00a0\u00bb4.16&Prime; background_size=\u00a0\u00bbinitial\u00a0\u00bb background_position=\u00a0\u00bbtop_left\u00a0\u00bb background_repeat=\u00a0\u00bbrepeat\u00a0\u00bb custom_margin=\u00a0\u00bb||0px|\u00a0\u00bb global_colors_info=\u00a0\u00bb{}\u00a0\u00bb][et_pb_column type=\u00a0\u00bb4_4&Prime; _builder_version=\u00a0\u00bb4.16&Prime; custom_padding=\u00a0\u00bb|||\u00a0\u00bb global_colors_info=\u00a0\u00bb{}\u00a0\u00bb custom_padding__hover=\u00a0\u00bb|||\u00a0\u00bb][et_pb_text admin_label=\u00a0\u00bbConciliez vos r\u00f4les de manager,\u00a0\u00bb _builder_version=\u00a0\u00bb4.16&Prime; text_text_color=\u00a0\u00bbrgba(108,23,31,0.68)\u00a0\u00bb text_font_size=\u00a0\u00bb22px\u00a0\u00bb text_line_height=\u00a0\u00bb2.1em\u00a0\u00bb header_line_height=\u00a0\u00bb2em\u00a0\u00bb background_size=\u00a0\u00bbinitial\u00a0\u00bb background_position=\u00a0\u00bbtop_left\u00a0\u00bb background_repeat=\u00a0\u00bbrepeat\u00a0\u00bb module_alignment=\u00a0\u00bbleft\u00a0\u00bb custom_margin=\u00a0\u00bb||0px|\u00a0\u00bb global_colors_info=\u00a0\u00bb{}\u00a0\u00bb]<\/p>\n<p style=\"text-align: center;\">Reconciliez vos r\u00f4les de manager, entrepreneur, partenaire, membre de famille et d&rsquo;individu ! Trouvez votre style dde leadership personnel, base d&rsquo;un leadership clair et d&rsquo;un travail d\u00e9quipe \u00e9fficace vous permettant \u00e0 la fois d&rsquo;atteindre les objectifs de l&rsquo;entreprise et de pr\u00e9server un espace pour une conception individuelle et significative de votre vie.<\/p>\n<p>[\/et_pb_text][\/et_pb_column][\/et_pb_row][\/et_pb_section][et_pb_section fb_built=\u00a0\u00bb1&Prime; _builder_version=\u00a0\u00bb4.16&Prime; global_colors_info=\u00a0\u00bb{}\u00a0\u00bb][et_pb_row _builder_version=\u00a0\u00bb4.16&Prime; background_size=\u00a0\u00bbinitial\u00a0\u00bb background_position=\u00a0\u00bbtop_left\u00a0\u00bb background_repeat=\u00a0\u00bbrepeat\u00a0\u00bb global_colors_info=\u00a0\u00bb{}\u00a0\u00bb][et_pb_column type=\u00a0\u00bb4_4&Prime; _builder_version=\u00a0\u00bb4.16&Prime; custom_padding=\u00a0\u00bb|||\u00a0\u00bb global_colors_info=\u00a0\u00bb{}\u00a0\u00bb custom_padding__hover=\u00a0\u00bb|||\u00a0\u00bb][et_pb_text admin_label=\u00a0\u00bbApr\u00e8s une carri\u00e8re de vingt ans en tant &#8230;\u00a0\u00bb _builder_version=\u00a0\u00bb4.16&Prime; text_font=\u00a0\u00bbOpen Sans||||||||\u00a0\u00bb global_colors_info=\u00a0\u00bb{}\u00a0\u00bb]<\/p>\n<p>Apr\u00e8s une carri\u00e8re de vingt ans en tant que pilote de chasse et officier d&rsquo;\u00e9tat-major ainsi que neuf ans comme manager au sein de l&rsquo;Association Suisse de Football, je vous offre mon exp\u00e9rience de leader au titre de consultant et coach ind\u00e9pendant.<\/p>\n<p>Je compte parmi mes clients des cadres sup\u00e9rieurs et des \u00e9quipes de direction provenant d&rsquo;un large \u00e9ventail d&rsquo;industries, d&rsquo;administrations publiques et de sports.<\/p>\n<p>J&rsquo;offre <a href=\"https:\/\/alexmiescher.ch\/fr\/coaching\/\">un coaching individuel et de groupe<\/a> et je peux m&rsquo;appuyer sur un excellent r\u00e9seau de sp\u00e9cialistes pour r\u00e9pondre de mani\u00e8re cibl\u00e9e \u00e0 des questions m\u00eame complexes. D\u00e9velopper ou tester de nouvelles approches strat\u00e9giques fait tout autant partie de mon m\u00e9tier que d&rsquo;accompagner les processus de changement.<\/p>\n<p>Je me ferai \u00e9galement un plaisir de planifier pour vous des work-shops ou de vous faire <a href=\"https:\/\/alexmiescher.ch\/fr\/referate\/\">une pr\u00e9sentation sur mesure<\/a>.\u00a0<\/p>\n<p>[\/et_pb_text][\/et_pb_column][\/et_pb_row][\/et_pb_section][et_pb_section fb_built=\u00a0\u00bb1&Prime; next_background_color=\u00a0\u00bb#e5e5e5&Prime; admin_label=\u00a0\u00bbPublications\u00a0\u00bb _builder_version=\u00a0\u00bb4.16&Prime; background_color=\u00a0\u00bb#eaeaea\u00a0\u00bb use_background_color_gradient=\u00a0\u00bbon\u00a0\u00bb background_color_gradient_stops=\u00a0\u00bb#bababa 0%|rgba(255,255,255,0.7) 100%\u00a0\u00bb background_color_gradient_overlays_image=\u00a0\u00bbon\u00a0\u00bb background_color_gradient_start=\u00a0\u00bb#bababa\u00a0\u00bb background_color_gradient_end=\u00a0\u00bbrgba(255,255,255,0.7)\u00a0\u00bb custom_margin=\u00a0\u00bb|||\u00a0\u00bb custom_padding=\u00a0\u00bb75px||75px||true|false\u00a0\u00bb top_divider_style=\u00a0\u00bbslant\u00a0\u00bb top_divider_color=\u00a0\u00bb#f5f5f5&Prime; top_divider_flip=\u00a0\u00bbvertical\u00a0\u00bb top_divider_arrangement=\u00a0\u00bbabove_content\u00a0\u00bb bottom_divider_style=\u00a0\u00bbslant\u00a0\u00bb bottom_divider_flip=\u00a0\u00bbvertical\u00a0\u00bb bottom_divider_arrangement=\u00a0\u00bbabove_content\u00a0\u00bb global_colors_info=\u00a0\u00bb{}\u00a0\u00bb][et_pb_row column_structure=\u00a0\u00bb1_3,2_3&Prime; _builder_version=\u00a0\u00bb4.16&Prime; custom_padding=\u00a0\u00bb60px|0px|38px|0px|false|false\u00a0\u00bb animation_direction=\u00a0\u00bbbottom\u00a0\u00bb use_custom_width=\u00a0\u00bbon\u00a0\u00bb global_colors_info=\u00a0\u00bb{}\u00a0\u00bb][et_pb_column type=\u00a0\u00bb1_3&Prime; _builder_version=\u00a0\u00bb4.16&Prime; custom_padding=\u00a0\u00bb|||\u00a0\u00bb global_colors_info=\u00a0\u00bb{}\u00a0\u00bb custom_padding__hover=\u00a0\u00bb|||\u00a0\u00bb][et_pb_text admin_label=\u00a0\u00bbI like to leave to others the creation of the WOW effects&#8230;\u00a0\u00bb _builder_version=\u00a0\u00bb4.16&Prime; text_font=\u00a0\u00bb|700|||||||\u00a0\u00bb text_text_color=\u00a0\u00bb#a01719&Prime; text_font_size=\u00a0\u00bb26px\u00a0\u00bb text_line_height=\u00a0\u00bb1.2em\u00a0\u00bb header_2_font=\u00a0\u00bb|700|||||||\u00a0\u00bb header_2_font_size=\u00a0\u00bb36px\u00a0\u00bb header_2_letter_spacing=\u00a0\u00bb1px\u00a0\u00bb header_2_line_height=\u00a0\u00bb1.1em\u00a0\u00bb header_6_font=\u00a0\u00bbLato|700|||||||\u00a0\u00bb header_6_font_size=\u00a0\u00bb18px\u00a0\u00bb header_6_letter_spacing=\u00a0\u00bb1px\u00a0\u00bb header_6_line_height=\u00a0\u00bb1.8em\u00a0\u00bb text_orientation=\u00a0\u00bbright\u00a0\u00bb animation_style=\u00a0\u00bbslide\u00a0\u00bb animation_direction=\u00a0\u00bbbottom\u00a0\u00bb animation_intensity_slide=\u00a0\u00bb5%\u00a0\u00bb text_font_size_tablet=\u00a0\u00bb\u00a0\u00bb text_font_size_phone=\u00a0\u00bb\u00a0\u00bb text_font_size_last_edited=\u00a0\u00bbon|phone\u00a0\u00bb header_2_font_size_tablet=\u00a0\u00bb\u00a0\u00bb header_2_font_size_phone=\u00a0\u00bb22px\u00a0\u00bb header_2_font_size_last_edited=\u00a0\u00bbon|phone\u00a0\u00bb locked=\u00a0\u00bboff\u00a0\u00bb global_colors_info=\u00a0\u00bb{}\u00a0\u00bb]<\/p>\n<p class=\"entry-title\">J&rsquo;aime laisser aux autres la cr\u00e9ation des effets \u00ab\u00a0WOW\u00a0\u00bb. Pour moi, l&rsquo;effet \u00ab\u00a0AHA\u00a0\u00bb est beaucoup plus important.<\/p>\n<p>[\/et_pb_text][\/et_pb_column][et_pb_column type=\u00a0\u00bb2_3&Prime; _builder_version=\u00a0\u00bb4.16&Prime; custom_padding=\u00a0\u00bb|||\u00a0\u00bb global_colors_info=\u00a0\u00bb{}\u00a0\u00bb custom_padding__hover=\u00a0\u00bb|||\u00a0\u00bb][et_pb_text admin_label=\u00a0\u00bbMon but n&rsquo;est pas de vous impressionner. &#8230;\u00a0\u00bb _builder_version=\u00a0\u00bb4.16&Prime; global_colors_info=\u00a0\u00bb{}\u00a0\u00bb]<\/p>\n<p>Mon but n&rsquo;est pas de vous impressionner. L&rsquo;id\u00e9e de ce qui doit \u00eatre fait doit m\u00fbrir avec le client. Je connais un large \u00e9ventail de styles de leadership diff\u00e9rents &#8211; nous pouvons identifier celui qui vous convient le mieux tout en prenant en compte l\u2019efficacit\u00e9 \u00e9conomique. Il y a des gens qui peuvent vous recommander le vin id\u00e9al avec un repas &#8211; je peux vous aider \u00e0 trouver le bon style de leadership pour que vous r\u00e9ussissiez en tant que personne et en tant que leader et que vous ayez un style de vie durable. Si vous pensez que je peux vous soutenir, <a href=\"https:\/\/alexmiescher.ch\/fr\/contact\/\">je me r\u00e9jouis de votre prise de contact<\/a>.<\/p>\n<p>[\/et_pb_text][\/et_pb_column][\/et_pb_row][\/et_pb_section][et_pb_section fb_built=\u00a0\u00bb1&Prime; admin_label=\u00a0\u00bbApproach\u00a0\u00bb _builder_version=\u00a0\u00bb4.16&Prime; background_color=\u00a0\u00bb#e5e5e5&Prime; custom_padding=\u00a0\u00bb5px|0px|0|0px|false|false\u00a0\u00bb global_colors_info=\u00a0\u00bb{}\u00a0\u00bb][et_pb_row column_structure=\u00a0\u00bb2_3,1_3&Prime; use_custom_gutter=\u00a0\u00bbon\u00a0\u00bb gutter_width=\u00a0\u00bb1&Prime; _builder_version=\u00a0\u00bb4.16&Prime; custom_margin=\u00a0\u00bb|||\u00a0\u00bb custom_padding=\u00a0\u00bb0|0px|30px|0px|false|false\u00a0\u00bb global_colors_info=\u00a0\u00bb{}\u00a0\u00bb][et_pb_column type=\u00a0\u00bb2_3&Prime; _builder_version=\u00a0\u00bb4.16&Prime; custom_padding=\u00a0\u00bb|||\u00a0\u00bb custom_padding_tablet=\u00a0\u00bb|40px||40px||true\u00a0\u00bb custom_padding_last_edited=\u00a0\u00bboff|desktop\u00a0\u00bb global_colors_info=\u00a0\u00bb{}\u00a0\u00bb custom_padding__hover=\u00a0\u00bb|||\u00a0\u00bb][et_pb_text admin_label=\u00a0\u00bbAlex Miescher, coach ou consultant ?\u00a0\u00bb _builder_version=\u00a0\u00bb4.16&Prime; header_2_font=\u00a0\u00bb|700|||||||\u00a0\u00bb header_2_font_size=\u00a0\u00bb36px\u00a0\u00bb header_2_letter_spacing=\u00a0\u00bb1px\u00a0\u00bb header_2_line_height=\u00a0\u00bb1.5em\u00a0\u00bb header_6_font=\u00a0\u00bbLato|700|||||||\u00a0\u00bb header_6_font_size=\u00a0\u00bb18px\u00a0\u00bb header_6_letter_spacing=\u00a0\u00bb1px\u00a0\u00bb header_6_line_height=\u00a0\u00bb1.8em\u00a0\u00bb background_color=\u00a0\u00bb#ffffff\u00a0\u00bb custom_margin=\u00a0\u00bb40px|||\u00a0\u00bb custom_margin_tablet=\u00a0\u00bb0px|0px|0px|\u00a0\u00bb custom_margin_phone=\u00a0\u00bb\u00a0\u00bb custom_margin_last_edited=\u00a0\u00bbon|phone\u00a0\u00bb custom_padding=\u00a0\u00bb40px|40px|40px|40px|true|true\u00a0\u00bb custom_padding_tablet=\u00a0\u00bb|40px||40px||true\u00a0\u00bb custom_padding_last_edited=\u00a0\u00bboff|desktop\u00a0\u00bb animation_style=\u00a0\u00bbslide\u00a0\u00bb animation_direction=\u00a0\u00bbbottom\u00a0\u00bb animation_intensity_slide=\u00a0\u00bb5%\u00a0\u00bb header_2_font_size_tablet=\u00a0\u00bb\u00a0\u00bb header_2_font_size_phone=\u00a0\u00bb22px\u00a0\u00bb header_2_font_size_last_edited=\u00a0\u00bbon|desktop\u00a0\u00bb global_colors_info=\u00a0\u00bb{}\u00a0\u00bb]<\/p>\n<h2>Alex Miescher, coach ou consultant ?<\/h2>\n<p>G\u00e9n\u00e9raliste convaincu et int\u00e9ress\u00e9 par les interfaces, la question de savoir si je suis consultant ou coach est secondaire pour moi. La r\u00e9solution cibl\u00e9e de probl\u00e8mes (le monde de la consultation) et la r\u00e9ponse aux mod\u00e8les de comportement personnel (g\u00e9n\u00e9ralement le travail du coach) sont tout aussi indivisibles pour moi que la question de savoir si les consultants ont tendance \u00e0 travailler dans l&rsquo;h\u00e9misph\u00e8re gauche et les coachs dans l&rsquo;h\u00e9misph\u00e8re droit du cerveau <a href=\"https:\/\/www.schoolofcoachingmastery.com\/coaching-blog\/bid\/18753\/coaching-vs-consulting-what-s-the-difference\" target=\"_blank\" rel=\"noopener noreferrer\">(voir aussi Coaching vs Consulting : what&rsquo;s the difference ?)<\/a>. Gr\u00e2ce \u00e0 mon pass\u00e9 de pilote, je sais \u00e0 quel point deux ailes sont importantes et gr\u00e2ce \u00e0 mon exp\u00e9rience de manager dans le domaine du football, je sais \u00e0 quel point il est important de savoir jouer des deux pieds. Yin et Yang. Persona et ombre. L&rsquo;ajout met l&rsquo;ensemble en lumi\u00e8re. <a href=\"https:\/\/alexmiescher.ch\/fr\/portrait\/\">Plus d&rsquo;informations&#8230;.<\/a><\/p>\n<p>[\/et_pb_text][\/et_pb_column][et_pb_column type=\u00a0\u00bb1_3&Prime; _builder_version=\u00a0\u00bb4.16&Prime; custom_padding=\u00a0\u00bb|||\u00a0\u00bb global_colors_info=\u00a0\u00bb{}\u00a0\u00bb custom_padding__hover=\u00a0\u00bb|||\u00a0\u00bb][et_pb_image src=\u00a0\u00bbhttps:\/\/alexmiescher.ch\/wp-content\/uploads\/2024\/03\/alex_miescher_5.jpg\u00a0\u00bb show_in_lightbox=\u00a0\u00bbon\u00a0\u00bb align_tablet=\u00a0\u00bbcenter\u00a0\u00bb align_phone=\u00a0\u00bb\u00a0\u00bb align_last_edited=\u00a0\u00bbon|desktop\u00a0\u00bb _builder_version=\u00a0\u00bb4.24.2&Prime; custom_margin=\u00a0\u00bb|||\u00a0\u00bb custom_margin_tablet=\u00a0\u00bb0px|0px|0px|0px|true|true\u00a0\u00bb custom_margin_last_edited=\u00a0\u00bboff|desktop\u00a0\u00bb animation_style=\u00a0\u00bbslide\u00a0\u00bb animation_direction=\u00a0\u00bbtop\u00a0\u00bb animation_intensity_slide=\u00a0\u00bb5%\u00a0\u00bb hover_enabled=\u00a0\u00bb0&Prime; box_shadow_style=\u00a0\u00bbpreset2&Prime; animation=\u00a0\u00bbtop\u00a0\u00bb global_colors_info=\u00a0\u00bb{}\u00a0\u00bb title_text=\u00a0\u00bbalex_miescher_5&Prime; sticky_enabled=\u00a0\u00bb0&Prime;]<\/p>\n<p>\nEngl<\/p>\n<p>[\/et_pb_image][\/et_pb_column][\/et_pb_row][\/et_pb_section]<\/p>\n","protected":false},"excerpt":{"rendered":"<p>Reconciliez vos r\u00f4les de manager, entrepreneur, partenaire, membre de famille et d&rsquo;individu ! Trouvez votre style dde leadership personnel, base d&rsquo;un leadership clair et d&rsquo;un travail d\u00e9quipe \u00e9fficace vous permettant \u00e0 la fois d&rsquo;atteindre les objectifs de l&rsquo;entreprise et de pr\u00e9server un espace pour une conception individuelle et significative de votre vie.Apr\u00e8s une carri\u00e8re de [&hellip;]<\/p>\n","protected":false},"author":5,"featured_media":0,"parent":0,"menu_order":10,"comment_status":"closed","ping_status":"closed","template":"","meta":{"_acf_changed":false,"_et_pb_use_builder":"on","_et_pb_old_content":"","_et_gb_content_width":"","footnotes":""},"class_list":["post-1338","page","type-page","status-publish","hentry"],"acf":[],"yoast_head":"<!-- This site is optimized with the Yoast SEO plugin v27.4 - https:\/\/yoast.com\/product\/yoast-seo-wordpress\/ -->\n<title>Accueil - Alex Miescher<\/title>\n<meta name=\"description\" content=\"Bringen Sie Ihre Rollen als Manager, Familienmitglied und Mensch wieder in Einklang. Finden Sie Ihren pers\u00f6nlichen F\u00fchrungsstil, der Grundlage f\u00fcr effizientes Teamwork ist und Ihnen erm\u00f6glicht, sowohl die Unternehmensziele zu erreichen, als auch Raum f\u00fcr Ihre pers\u00f6nliche, sinnstiftende Lebensgestaltung zu finden.\" \/>\n<meta name=\"robots\" content=\"index, follow, max-snippet:-1, max-image-preview:large, max-video-preview:-1\" \/>\n<link rel=\"canonical\" href=\"https:\/\/alexmiescher.ch\/fr\/\" \/>\n<meta property=\"og:locale\" content=\"fr_FR\" \/>\n<meta property=\"og:type\" content=\"article\" \/>\n<meta property=\"og:title\" content=\"Accueil - Alex Miescher\" \/>\n<meta property=\"og:description\" content=\"Bringen Sie Ihre Rollen als Manager, Familienmitglied und Mensch wieder in Einklang. Finden Sie Ihren pers\u00f6nlichen F\u00fchrungsstil, der Grundlage f\u00fcr effizientes Teamwork ist und Ihnen erm\u00f6glicht, sowohl die Unternehmensziele zu erreichen, als auch Raum f\u00fcr Ihre pers\u00f6nliche, sinnstiftende Lebensgestaltung zu finden.\" \/>\n<meta property=\"og:url\" content=\"https:\/\/alexmiescher.ch\/fr\/\" \/>\n<meta property=\"og:site_name\" content=\"Alex Miescher\" \/>\n<meta property=\"article:modified_time\" content=\"2024-03-18T13:16:38+00:00\" \/>\n<meta name=\"twitter:card\" content=\"summary_large_image\" \/>\n<meta name=\"twitter:label1\" content=\"Dur\u00e9e de lecture estim\u00e9e\" \/>\n\t<meta name=\"twitter:data1\" content=\"8 minutes\" \/>\n<script type=\"application\/ld+json\" class=\"yoast-schema-graph\">{\"@context\":\"https:\\\/\\\/schema.org\",\"@graph\":[{\"@type\":\"WebPage\",\"@id\":\"https:\\\/\\\/alexmiescher.ch\\\/fr\\\/\",\"url\":\"https:\\\/\\\/alexmiescher.ch\\\/fr\\\/\",\"name\":\"Accueil - Alex Miescher\",\"isPartOf\":{\"@id\":\"https:\\\/\\\/alexmiescher.ch\\\/fr\\\/#website\"},\"datePublished\":\"2019-01-31T14:30:45+00:00\",\"dateModified\":\"2024-03-18T13:16:38+00:00\",\"description\":\"Bringen Sie Ihre Rollen als Manager, Familienmitglied und Mensch wieder in Einklang. Finden Sie Ihren pers\u00f6nlichen F\u00fchrungsstil, der Grundlage f\u00fcr effizientes Teamwork ist und Ihnen erm\u00f6glicht, sowohl die Unternehmensziele zu erreichen, als auch Raum f\u00fcr Ihre pers\u00f6nliche, sinnstiftende Lebensgestaltung zu finden.\",\"breadcrumb\":{\"@id\":\"https:\\\/\\\/alexmiescher.ch\\\/fr\\\/#breadcrumb\"},\"inLanguage\":\"fr-FR\",\"potentialAction\":[{\"@type\":\"ReadAction\",\"target\":[\"https:\\\/\\\/alexmiescher.ch\\\/fr\\\/\"]}]},{\"@type\":\"BreadcrumbList\",\"@id\":\"https:\\\/\\\/alexmiescher.ch\\\/fr\\\/#breadcrumb\",\"itemListElement\":[{\"@type\":\"ListItem\",\"position\":1,\"name\":\"Startseite\",\"item\":\"https:\\\/\\\/alexmiescher.ch\\\/fr\\\/\"},{\"@type\":\"ListItem\",\"position\":2,\"name\":\"Accueil\"}]},{\"@type\":\"WebSite\",\"@id\":\"https:\\\/\\\/alexmiescher.ch\\\/fr\\\/#website\",\"url\":\"https:\\\/\\\/alexmiescher.ch\\\/fr\\\/\",\"name\":\"Alex Miescher\",\"description\":\"Consultant\",\"potentialAction\":[{\"@type\":\"SearchAction\",\"target\":{\"@type\":\"EntryPoint\",\"urlTemplate\":\"https:\\\/\\\/alexmiescher.ch\\\/fr\\\/?s={search_term_string}\"},\"query-input\":{\"@type\":\"PropertyValueSpecification\",\"valueRequired\":true,\"valueName\":\"search_term_string\"}}],\"inLanguage\":\"fr-FR\"}]}<\/script>\n<!-- \/ Yoast SEO plugin. -->","yoast_head_json":{"title":"Accueil - Alex Miescher","description":"Bringen Sie Ihre Rollen als Manager, Familienmitglied und Mensch wieder in Einklang. Finden Sie Ihren pers\u00f6nlichen F\u00fchrungsstil, der Grundlage f\u00fcr effizientes Teamwork ist und Ihnen erm\u00f6glicht, sowohl die Unternehmensziele zu erreichen, als auch Raum f\u00fcr Ihre pers\u00f6nliche, sinnstiftende Lebensgestaltung zu finden.","robots":{"index":"index","follow":"follow","max-snippet":"max-snippet:-1","max-image-preview":"max-image-preview:large","max-video-preview":"max-video-preview:-1"},"canonical":"https:\/\/alexmiescher.ch\/fr\/","og_locale":"fr_FR","og_type":"article","og_title":"Accueil - Alex Miescher","og_description":"Bringen Sie Ihre Rollen als Manager, Familienmitglied und Mensch wieder in Einklang. Finden Sie Ihren pers\u00f6nlichen F\u00fchrungsstil, der Grundlage f\u00fcr effizientes Teamwork ist und Ihnen erm\u00f6glicht, sowohl die Unternehmensziele zu erreichen, als auch Raum f\u00fcr Ihre pers\u00f6nliche, sinnstiftende Lebensgestaltung zu finden.","og_url":"https:\/\/alexmiescher.ch\/fr\/","og_site_name":"Alex Miescher","article_modified_time":"2024-03-18T13:16:38+00:00","twitter_card":"summary_large_image","twitter_misc":{"Dur\u00e9e de lecture estim\u00e9e":"8 minutes"},"schema":{"@context":"https:\/\/schema.org","@graph":[{"@type":"WebPage","@id":"https:\/\/alexmiescher.ch\/fr\/","url":"https:\/\/alexmiescher.ch\/fr\/","name":"Accueil - Alex Miescher","isPartOf":{"@id":"https:\/\/alexmiescher.ch\/fr\/#website"},"datePublished":"2019-01-31T14:30:45+00:00","dateModified":"2024-03-18T13:16:38+00:00","description":"Bringen Sie Ihre Rollen als Manager, Familienmitglied und Mensch wieder in Einklang. Finden Sie Ihren pers\u00f6nlichen F\u00fchrungsstil, der Grundlage f\u00fcr effizientes Teamwork ist und Ihnen erm\u00f6glicht, sowohl die Unternehmensziele zu erreichen, als auch Raum f\u00fcr Ihre pers\u00f6nliche, sinnstiftende Lebensgestaltung zu finden.","breadcrumb":{"@id":"https:\/\/alexmiescher.ch\/fr\/#breadcrumb"},"inLanguage":"fr-FR","potentialAction":[{"@type":"ReadAction","target":["https:\/\/alexmiescher.ch\/fr\/"]}]},{"@type":"BreadcrumbList","@id":"https:\/\/alexmiescher.ch\/fr\/#breadcrumb","itemListElement":[{"@type":"ListItem","position":1,"name":"Startseite","item":"https:\/\/alexmiescher.ch\/fr\/"},{"@type":"ListItem","position":2,"name":"Accueil"}]},{"@type":"WebSite","@id":"https:\/\/alexmiescher.ch\/fr\/#website","url":"https:\/\/alexmiescher.ch\/fr\/","name":"Alex Miescher","description":"Consultant","potentialAction":[{"@type":"SearchAction","target":{"@type":"EntryPoint","urlTemplate":"https:\/\/alexmiescher.ch\/fr\/?s={search_term_string}"},"query-input":{"@type":"PropertyValueSpecification","valueRequired":true,"valueName":"search_term_string"}}],"inLanguage":"fr-FR"}]}},"_links":{"self":[{"href":"https:\/\/alexmiescher.ch\/fr\/wp-json\/wp\/v2\/pages\/1338","targetHints":{"allow":["GET"]}}],"collection":[{"href":"https:\/\/alexmiescher.ch\/fr\/wp-json\/wp\/v2\/pages"}],"about":[{"href":"https:\/\/alexmiescher.ch\/fr\/wp-json\/wp\/v2\/types\/page"}],"author":[{"embeddable":true,"href":"https:\/\/alexmiescher.ch\/fr\/wp-json\/wp\/v2\/users\/5"}],"replies":[{"embeddable":true,"href":"https:\/\/alexmiescher.ch\/fr\/wp-json\/wp\/v2\/comments?post=1338"}],"version-history":[{"count":0,"href":"https:\/\/alexmiescher.ch\/fr\/wp-json\/wp\/v2\/pages\/1338\/revisions"}],"wp:attachment":[{"href":"https:\/\/alexmiescher.ch\/fr\/wp-json\/wp\/v2\/media?parent=1338"}],"curies":[{"name":"wp","href":"https:\/\/api.w.org\/{rel}","templated":true}]}}