{"id":1251,"date":"2019-01-07T12:29:12","date_gmt":"2019-01-07T11:29:12","guid":{"rendered":"https:\/\/alexmiescher.ch\/home\/"},"modified":"2024-03-18T13:59:44","modified_gmt":"2024-03-18T12:59:44","slug":"home","status":"publish","type":"page","link":"https:\/\/alexmiescher.ch\/en\/","title":{"rendered":"Home"},"content":{"rendered":"<p>[et_pb_section fb_built=&#8221;1&#8243; fullwidth=&#8221;on&#8221; _builder_version=&#8221;4.16&#8243; global_colors_info=&#8221;{}&#8221;][et_pb_fullwidth_slider _builder_version=&#8221;4.5.1&#8243; content_width=&#8221;85%&#8221; auto=&#8221;on&#8221; auto_speed=&#8221;6000&#8243; auto_ignore_hover=&#8221;on&#8221; global_module=&#8221;1582&#8243; saved_tabs=&#8221;all&#8221; global_colors_info=&#8221;{}&#8221; button_text_size__hover_enabled=&#8221;off&#8221; button_text_size__hover=&#8221;null&#8221; button_one_text_size__hover_enabled=&#8221;off&#8221; button_one_text_size__hover=&#8221;null&#8221; button_two_text_size__hover_enabled=&#8221;off&#8221; button_two_text_size__hover=&#8221;null&#8221; button_text_color__hover_enabled=&#8221;off&#8221; button_text_color__hover=&#8221;null&#8221; button_one_text_color__hover_enabled=&#8221;off&#8221; button_one_text_color__hover=&#8221;null&#8221; button_two_text_color__hover_enabled=&#8221;off&#8221; button_two_text_color__hover=&#8221;null&#8221; button_border_width__hover_enabled=&#8221;off&#8221; button_border_width__hover=&#8221;null&#8221; button_one_border_width__hover_enabled=&#8221;off&#8221; button_one_border_width__hover=&#8221;null&#8221; button_two_border_width__hover_enabled=&#8221;off&#8221; button_two_border_width__hover=&#8221;null&#8221; button_border_color__hover_enabled=&#8221;off&#8221; button_border_color__hover=&#8221;null&#8221; button_one_border_color__hover_enabled=&#8221;off&#8221; button_one_border_color__hover=&#8221;null&#8221; button_two_border_color__hover_enabled=&#8221;off&#8221; button_two_border_color__hover=&#8221;null&#8221; button_border_radius__hover_enabled=&#8221;off&#8221; button_border_radius__hover=&#8221;null&#8221; button_one_border_radius__hover_enabled=&#8221;off&#8221; button_one_border_radius__hover=&#8221;null&#8221; button_two_border_radius__hover_enabled=&#8221;off&#8221; button_two_border_radius__hover=&#8221;null&#8221; button_letter_spacing__hover_enabled=&#8221;off&#8221; button_letter_spacing__hover=&#8221;null&#8221; button_one_letter_spacing__hover_enabled=&#8221;off&#8221; button_one_letter_spacing__hover=&#8221;null&#8221; button_two_letter_spacing__hover_enabled=&#8221;off&#8221; button_two_letter_spacing__hover=&#8221;null&#8221; button_bg_color__hover_enabled=&#8221;off&#8221; button_bg_color__hover=&#8221;null&#8221; button_one_bg_color__hover_enabled=&#8221;off&#8221; button_one_bg_color__hover=&#8221;null&#8221; button_two_bg_color__hover_enabled=&#8221;off&#8221; button_two_bg_color__hover=&#8221;null&#8221;][et_pb_slide use_bg_overlay=&#8221;off&#8221; use_text_overlay=&#8221;off&#8221; _builder_version=&#8221;4.16&#8243; background_image=&#8221;https:\/\/alexmiescher.ch\/wp-content\/uploads\/2019\/02\/E_Banner_Wow_1.jpg&#8221; button_on_hover=&#8221;on&#8221; global_colors_info=&#8221;{}&#8221; sticky_transition=&#8221;on&#8221;][\/et_pb_slide][et_pb_slide use_bg_overlay=&#8221;off&#8221; use_text_overlay=&#8221;off&#8221; _builder_version=&#8221;4.16&#8243; background_image=&#8221;https:\/\/alexmiescher.ch\/wp-content\/uploads\/2019\/02\/E_Banner_From_the_mask_1.jpg&#8221; button_on_hover=&#8221;on&#8221; global_colors_info=&#8221;{}&#8221; sticky_transition=&#8221;on&#8221;][\/et_pb_slide][et_pb_slide use_bg_overlay=&#8221;off&#8221; use_text_overlay=&#8221;off&#8221; _builder_version=&#8221;4.16&#8243; background_image=&#8221;https:\/\/alexmiescher.ch\/wp-content\/uploads\/2019\/02\/E_Banner_Sisyphus_1.jpg&#8221; button_on_hover=&#8221;on&#8221; global_colors_info=&#8221;{}&#8221; sticky_transition=&#8221;on&#8221;][\/et_pb_slide][\/et_pb_fullwidth_slider][\/et_pb_section][et_pb_section fb_built=&#8221;1&#8243; custom_padding_last_edited=&#8221;on|tablet&#8221; disabled_on=&#8221;off|off|off&#8221; module_class=&#8221;big-triangle-white&#8221; _builder_version=&#8221;4.16&#8243; background_color=&#8221;#e8e8e8&#8243; custom_padding_tablet=&#8221;||0px|&#8221; custom_padding_phone=&#8221;20px||20px|&#8221; global_colors_info=&#8221;{}&#8221;][et_pb_row _builder_version=&#8221;4.16&#8243; background_size=&#8221;initial&#8221; background_position=&#8221;top_left&#8221; background_repeat=&#8221;repeat&#8221; custom_margin=&#8221;||0px|&#8221; global_colors_info=&#8221;{}&#8221;][et_pb_column type=&#8221;4_4&#8243; _builder_version=&#8221;4.16&#8243; custom_padding=&#8221;|||&#8221; global_colors_info=&#8221;{}&#8221; custom_padding__hover=&#8221;|||&#8221;][et_pb_text admin_label=&#8221;Reconcile your roles as manager, family member, &#8221; _builder_version=&#8221;4.16&#8243; text_text_color=&#8221;rgba(108,23,31,0.68)&#8221; text_font_size=&#8221;22px&#8221; text_line_height=&#8221;2.1em&#8221; header_line_height=&#8221;2em&#8221; background_size=&#8221;initial&#8221; background_position=&#8221;top_left&#8221; background_repeat=&#8221;repeat&#8221; module_alignment=&#8221;left&#8221; custom_margin=&#8221;||0px|&#8221; global_colors_info=&#8221;{}&#8221;]<\/p>\n<p style=\"text-align: center;\">How can you achieve your business goals while preserving the space for your personal and meaningful way of life? It\u2019s vital, as an executive, partner, family member and human being that all these roles work in harmony. By finding your personal leadership style, you set the basis for clear leadership and effective teamwork enabling you, to reach those goals.<\/p>\n<p>[\/et_pb_text][\/et_pb_column][\/et_pb_row][\/et_pb_section][et_pb_section fb_built=&#8221;1&#8243; _builder_version=&#8221;4.16&#8243; global_colors_info=&#8221;{}&#8221;][et_pb_row _builder_version=&#8221;4.16&#8243; background_size=&#8221;initial&#8221; background_position=&#8221;top_left&#8221; background_repeat=&#8221;repeat&#8221; global_colors_info=&#8221;{}&#8221;][et_pb_column type=&#8221;4_4&#8243; _builder_version=&#8221;4.16&#8243; custom_padding=&#8221;|||&#8221; global_colors_info=&#8221;{}&#8221; custom_padding__hover=&#8221;|||&#8221;][et_pb_text admin_label=&#8221;After twenty years as a fighter pilot and staff officer&#8230;&#8221; _builder_version=&#8221;4.24.2&#8243; text_font=&#8221;Open Sans||||||||&#8221; global_colors_info=&#8221;{}&#8221;]<\/p>\n<p>I am an independent leadership consultant and coach. My experience is a result of my thirty-year career as a fighter pilot, staff officer, football manager and entrepreneur.<\/p>\n<p>The interface between people and companies holds vast potential &#8211; I help leaders and organisations unlock it in a positive manner.<\/p>\n<p>My clients are executives and management teams in industry, the financial sector, service companies, administrations and associations. <strong>My specialities are leadership, teamwork, sustainable culture change and strategy\/governance\/culture implementation<\/strong>. All these topics have a common denominator: everything starts and ends with(in) the individual, with leaders having a special role to play. They must always \u201cwalk the talk\u201d with mind, body and purpose!<\/p>\n<p>I offer bespoke <a href=\"https:\/\/alexmiescher.ch\/en\/coaching\/\">individual and group coaching<\/a> and can draw on an excellent network of specialists to provide targeted answers to even complex questions.<\/p>\n<p>Developing or testing new strategic approaches is just as much a part of my craft as supporting change processes. I am also happy to enrich your Board of Directors\/Advisors with my independent, non-mainstream but still relevant viewpoint for your company.<\/p>\n<p>Or, perhaps I can organise individual workshops for you or to give you a tailor-made, <a href=\"https:\/\/alexmiescher.ch\/en\/referate\/\">humorous and high-impact presentation<\/a>?<\/p>\n<p>You will find an academic basis for my work and some extra food for thought under <a href=\"https:\/\/alexmiescher.ch\/en\/publications\">publications<\/a>.<\/p>\n<p>&nbsp;<\/p>\n<p>[\/et_pb_text][\/et_pb_column][\/et_pb_row][\/et_pb_section][et_pb_section fb_built=&#8221;1&#8243; next_background_color=&#8221;#e5e5e5&#8243; admin_label=&#8221;Publications&#8221; _builder_version=&#8221;4.16&#8243; background_color=&#8221;#eaeaea&#8221; use_background_color_gradient=&#8221;on&#8221; background_color_gradient_stops=&#8221;#bababa 0%|rgba(255,255,255,0.7) 100%&#8221; background_color_gradient_overlays_image=&#8221;on&#8221; background_color_gradient_start=&#8221;#bababa&#8221; background_color_gradient_end=&#8221;rgba(255,255,255,0.7)&#8221; custom_margin=&#8221;|||&#8221; custom_padding=&#8221;75px||75px||true|false&#8221; top_divider_style=&#8221;slant&#8221; top_divider_color=&#8221;#f5f5f5&#8243; top_divider_flip=&#8221;vertical&#8221; top_divider_arrangement=&#8221;above_content&#8221; bottom_divider_style=&#8221;slant&#8221; bottom_divider_flip=&#8221;vertical&#8221; bottom_divider_arrangement=&#8221;above_content&#8221; global_colors_info=&#8221;{}&#8221;][et_pb_row column_structure=&#8221;1_3,2_3&#8243; _builder_version=&#8221;4.16&#8243; custom_padding=&#8221;60px|0px|38px|0px|false|false&#8221; animation_direction=&#8221;bottom&#8221; use_custom_width=&#8221;on&#8221; global_colors_info=&#8221;{}&#8221;][et_pb_column type=&#8221;1_3&#8243; _builder_version=&#8221;4.16&#8243; custom_padding=&#8221;|||&#8221; global_colors_info=&#8221;{}&#8221; custom_padding__hover=&#8221;|||&#8221;][et_pb_text admin_label=&#8221;I like to leave to others the creation of the WOW effects&#8230;&#8221; _builder_version=&#8221;4.16&#8243; text_font=&#8221;|700|||||||&#8221; text_text_color=&#8221;#a01719&#8243; text_font_size=&#8221;26px&#8221; text_line_height=&#8221;1.2em&#8221; header_2_font=&#8221;|700|||||||&#8221; header_2_font_size=&#8221;36px&#8221; header_2_letter_spacing=&#8221;1px&#8221; header_2_line_height=&#8221;1.1em&#8221; header_6_font=&#8221;Lato|700|||||||&#8221; header_6_font_size=&#8221;18px&#8221; header_6_letter_spacing=&#8221;1px&#8221; header_6_line_height=&#8221;1.8em&#8221; text_orientation=&#8221;right&#8221; animation_style=&#8221;slide&#8221; animation_direction=&#8221;bottom&#8221; animation_intensity_slide=&#8221;5%&#8221; text_font_size_tablet=&#8221;&#8221; text_font_size_phone=&#8221;&#8221; text_font_size_last_edited=&#8221;on|phone&#8221; header_2_font_size_tablet=&#8221;&#8221; header_2_font_size_phone=&#8221;22px&#8221; header_2_font_size_last_edited=&#8221;on|phone&#8221; global_colors_info=&#8221;{}&#8221;]<\/p>\n<p class=\"entry-title\">I like to leave the creation of the \u2018WOW\u2019 factor to others. To me, the \u2018AHA\u2019 moment is much more important.<\/p>\n<p>[\/et_pb_text][\/et_pb_column][et_pb_column type=&#8221;2_3&#8243; _builder_version=&#8221;4.16&#8243; custom_padding=&#8221;|||&#8221; global_colors_info=&#8221;{}&#8221; custom_padding__hover=&#8221;|||&#8221;][et_pb_text admin_label=&#8221;My approach is never to impress you. &#8230;&#8221; _builder_version=&#8221;4.16&#8243; global_colors_info=&#8221;{}&#8221;]<\/p>\n<p>I don\u2019t set out to impress you with immediate effect. The insight and next steps should always mature with the client. I am well-practiced in a wide range of different leadership styles \u2013 I will work closely with you to find the right fit for your professional and personal goals. Think of me as a leadership style sommelier \u2013 I can help you choose the optimal techniques to complement your continuing success as a person and as a leader. If you think I can support you,\u00a0<a href=\"https:\/\/alexmiescher.ch\/en\/contact\/\">I look forward to hearing from you<\/a>.<\/p>\n<p>[\/et_pb_text][\/et_pb_column][\/et_pb_row][\/et_pb_section][et_pb_section fb_built=&#8221;1&#8243; admin_label=&#8221;Approach&#8221; _builder_version=&#8221;4.16&#8243; background_color=&#8221;#e5e5e5&#8243; custom_padding=&#8221;5px|0px|0|0px|false|false&#8221; global_colors_info=&#8221;{}&#8221;][et_pb_row column_structure=&#8221;2_3,1_3&#8243; use_custom_gutter=&#8221;on&#8221; gutter_width=&#8221;1&#8243; _builder_version=&#8221;4.16&#8243; custom_margin=&#8221;|||&#8221; custom_padding=&#8221;0|0px|30px|0px|false|false&#8221; global_colors_info=&#8221;{}&#8221;][et_pb_column type=&#8221;2_3&#8243; _builder_version=&#8221;4.16&#8243; custom_padding=&#8221;|||&#8221; custom_padding_tablet=&#8221;|40px||40px||true&#8221; custom_padding_last_edited=&#8221;off|desktop&#8221; global_colors_info=&#8221;{}&#8221; custom_padding__hover=&#8221;|||&#8221;][et_pb_text admin_label=&#8221;Alex Miescher, coach or consultant?&#8221; _builder_version=&#8221;4.16&#8243; header_2_font=&#8221;|700|||||||&#8221; header_2_font_size=&#8221;36px&#8221; header_2_letter_spacing=&#8221;1px&#8221; header_2_line_height=&#8221;1.5em&#8221; header_6_font=&#8221;Lato|700|||||||&#8221; header_6_font_size=&#8221;18px&#8221; header_6_letter_spacing=&#8221;1px&#8221; header_6_line_height=&#8221;1.8em&#8221; background_color=&#8221;#ffffff&#8221; custom_margin=&#8221;40px|||&#8221; custom_margin_tablet=&#8221;0px|0px|0px|&#8221; custom_margin_phone=&#8221;&#8221; custom_margin_last_edited=&#8221;on|phone&#8221; custom_padding=&#8221;40px|40px|40px|40px|true|true&#8221; custom_padding_tablet=&#8221;|40px||40px||true&#8221; custom_padding_last_edited=&#8221;off|desktop&#8221; animation_style=&#8221;slide&#8221; animation_direction=&#8221;bottom&#8221; animation_intensity_slide=&#8221;5%&#8221; header_2_font_size_tablet=&#8221;&#8221; header_2_font_size_phone=&#8221;22px&#8221; header_2_font_size_last_edited=&#8221;on|desktop&#8221; global_colors_info=&#8221;{}&#8221;]<\/p>\n<h2>Alex Miescher, coach or consultant?<\/h2>\n<p>As a committed generalist who is fascinated by interpersonal relationships, the question of whether I am a consultant or a coach is of secondary importance. To me, focused problem-solving (the consulting world) and responding to personal behaviour patterns (typically the domain of the coach) are as inextricably linked as the question of whether consultants tend to work in the left and coaches in the right hemisphere <a href=\"https:\/\/www.schoolofcoachingmastery.com\/coaching-blog\/bid\/18753\/coaching-vs-consulting-what-s-the-difference\" target=\"_blank\" rel=\"noopener noreferrer\">(see also Coaching vs. Consulting: What&#8217;s the Difference?)<\/a>. As a former pilot, I know how crucial two wings are; as a former football manager, I know how important it is to be two-footed. Yin and Yang. Persona versus shadow <a href=\"https:\/\/alexmiescher.ch\/en\/publications\">(see also Publications)<\/a>. The two halves bring the whole to light.<\/p>\n<p>[\/et_pb_text][\/et_pb_column][et_pb_column type=&#8221;1_3&#8243; _builder_version=&#8221;4.16&#8243; custom_padding=&#8221;|||&#8221; global_colors_info=&#8221;{}&#8221; custom_padding__hover=&#8221;|||&#8221;][et_pb_image src=&#8221;https:\/\/alexmiescher.ch\/wp-content\/uploads\/2024\/03\/alex_miescher_5.jpg&#8221; show_in_lightbox=&#8221;on&#8221; align_tablet=&#8221;center&#8221; align_phone=&#8221;&#8221; align_last_edited=&#8221;on|desktop&#8221; _builder_version=&#8221;4.24.2&#8243; custom_margin=&#8221;|||&#8221; custom_margin_tablet=&#8221;0px|0px|0px|0px|true|true&#8221; custom_margin_last_edited=&#8221;off|desktop&#8221; animation_style=&#8221;slide&#8221; animation_direction=&#8221;top&#8221; animation_intensity_slide=&#8221;5%&#8221; hover_enabled=&#8221;0&#8243; box_shadow_style=&#8221;preset2&#8243; animation=&#8221;top&#8221; global_colors_info=&#8221;{}&#8221; title_text=&#8221;Alex Miescher&#8221; sticky_enabled=&#8221;0&#8243;]<\/p>\n<p>\nEngl<\/p>\n<p>[\/et_pb_image][\/et_pb_column][\/et_pb_row][\/et_pb_section]<\/p>\n","protected":false},"excerpt":{"rendered":"<p>How can you achieve your business goals while preserving the space for your personal and meaningful way of life? It\u2019s vital, as an executive, partner, family member and human being that all these roles work in harmony. By finding your personal leadership style, you set the basis for clear leadership and effective teamwork enabling you, [&hellip;]<\/p>\n","protected":false},"author":5,"featured_media":0,"parent":0,"menu_order":10,"comment_status":"closed","ping_status":"closed","template":"","meta":{"_acf_changed":false,"_et_pb_use_builder":"on","_et_pb_old_content":"","_et_gb_content_width":"","footnotes":""},"class_list":["post-1251","page","type-page","status-publish","hentry"],"acf":[],"yoast_head":"<!-- This site is optimized with the Yoast SEO plugin v27.4 - https:\/\/yoast.com\/product\/yoast-seo-wordpress\/ -->\n<title>Home - Alex Miescher<\/title>\n<meta name=\"description\" content=\"Bringen Sie Ihre Rollen als Manager, Familienmitglied und Mensch wieder in Einklang. Finden Sie Ihren pers\u00f6nlichen F\u00fchrungsstil, der Grundlage f\u00fcr effizientes Teamwork ist und Ihnen erm\u00f6glicht, sowohl die Unternehmensziele zu erreichen, als auch Raum f\u00fcr Ihre pers\u00f6nliche, sinnstiftende Lebensgestaltung zu finden.\" \/>\n<meta name=\"robots\" content=\"index, follow, max-snippet:-1, max-image-preview:large, max-video-preview:-1\" \/>\n<link rel=\"canonical\" href=\"https:\/\/alexmiescher.ch\/en\/\" \/>\n<meta property=\"og:locale\" content=\"en_US\" \/>\n<meta property=\"og:type\" content=\"article\" \/>\n<meta property=\"og:title\" content=\"Home - Alex Miescher\" \/>\n<meta property=\"og:description\" content=\"Bringen Sie Ihre Rollen als Manager, Familienmitglied und Mensch wieder in Einklang. Finden Sie Ihren pers\u00f6nlichen F\u00fchrungsstil, der Grundlage f\u00fcr effizientes Teamwork ist und Ihnen erm\u00f6glicht, sowohl die Unternehmensziele zu erreichen, als auch Raum f\u00fcr Ihre pers\u00f6nliche, sinnstiftende Lebensgestaltung zu finden.\" \/>\n<meta property=\"og:url\" content=\"https:\/\/alexmiescher.ch\/en\/\" \/>\n<meta property=\"og:site_name\" content=\"Alex Miescher\" \/>\n<meta property=\"article:modified_time\" content=\"2024-03-18T12:59:44+00:00\" \/>\n<meta name=\"twitter:card\" content=\"summary_large_image\" \/>\n<meta name=\"twitter:label1\" content=\"Est. reading time\" \/>\n\t<meta name=\"twitter:data1\" content=\"9 minutes\" \/>\n<script type=\"application\/ld+json\" class=\"yoast-schema-graph\">{\"@context\":\"https:\\\/\\\/schema.org\",\"@graph\":[{\"@type\":\"WebPage\",\"@id\":\"https:\\\/\\\/alexmiescher.ch\\\/en\\\/\",\"url\":\"https:\\\/\\\/alexmiescher.ch\\\/en\\\/\",\"name\":\"Home - Alex Miescher\",\"isPartOf\":{\"@id\":\"https:\\\/\\\/alexmiescher.ch\\\/en\\\/#website\"},\"datePublished\":\"2019-01-07T11:29:12+00:00\",\"dateModified\":\"2024-03-18T12:59:44+00:00\",\"description\":\"Bringen Sie Ihre Rollen als Manager, Familienmitglied und Mensch wieder in Einklang. Finden Sie Ihren pers\u00f6nlichen F\u00fchrungsstil, der Grundlage f\u00fcr effizientes Teamwork ist und Ihnen erm\u00f6glicht, sowohl die Unternehmensziele zu erreichen, als auch Raum f\u00fcr Ihre pers\u00f6nliche, sinnstiftende Lebensgestaltung zu finden.\",\"breadcrumb\":{\"@id\":\"https:\\\/\\\/alexmiescher.ch\\\/en\\\/#breadcrumb\"},\"inLanguage\":\"en-US\",\"potentialAction\":[{\"@type\":\"ReadAction\",\"target\":[\"https:\\\/\\\/alexmiescher.ch\\\/en\\\/\"]}]},{\"@type\":\"BreadcrumbList\",\"@id\":\"https:\\\/\\\/alexmiescher.ch\\\/en\\\/#breadcrumb\",\"itemListElement\":[{\"@type\":\"ListItem\",\"position\":1,\"name\":\"Startseite\",\"item\":\"https:\\\/\\\/alexmiescher.ch\\\/en\\\/\"},{\"@type\":\"ListItem\",\"position\":2,\"name\":\"Home\"}]},{\"@type\":\"WebSite\",\"@id\":\"https:\\\/\\\/alexmiescher.ch\\\/en\\\/#website\",\"url\":\"https:\\\/\\\/alexmiescher.ch\\\/en\\\/\",\"name\":\"Alex Miescher\",\"description\":\"Consultant\",\"potentialAction\":[{\"@type\":\"SearchAction\",\"target\":{\"@type\":\"EntryPoint\",\"urlTemplate\":\"https:\\\/\\\/alexmiescher.ch\\\/en\\\/?s={search_term_string}\"},\"query-input\":{\"@type\":\"PropertyValueSpecification\",\"valueRequired\":true,\"valueName\":\"search_term_string\"}}],\"inLanguage\":\"en-US\"}]}<\/script>\n<!-- \/ Yoast SEO plugin. -->","yoast_head_json":{"title":"Home - Alex Miescher","description":"Bringen Sie Ihre Rollen als Manager, Familienmitglied und Mensch wieder in Einklang. Finden Sie Ihren pers\u00f6nlichen F\u00fchrungsstil, der Grundlage f\u00fcr effizientes Teamwork ist und Ihnen erm\u00f6glicht, sowohl die Unternehmensziele zu erreichen, als auch Raum f\u00fcr Ihre pers\u00f6nliche, sinnstiftende Lebensgestaltung zu finden.","robots":{"index":"index","follow":"follow","max-snippet":"max-snippet:-1","max-image-preview":"max-image-preview:large","max-video-preview":"max-video-preview:-1"},"canonical":"https:\/\/alexmiescher.ch\/en\/","og_locale":"en_US","og_type":"article","og_title":"Home - Alex Miescher","og_description":"Bringen Sie Ihre Rollen als Manager, Familienmitglied und Mensch wieder in Einklang. Finden Sie Ihren pers\u00f6nlichen F\u00fchrungsstil, der Grundlage f\u00fcr effizientes Teamwork ist und Ihnen erm\u00f6glicht, sowohl die Unternehmensziele zu erreichen, als auch Raum f\u00fcr Ihre pers\u00f6nliche, sinnstiftende Lebensgestaltung zu finden.","og_url":"https:\/\/alexmiescher.ch\/en\/","og_site_name":"Alex Miescher","article_modified_time":"2024-03-18T12:59:44+00:00","twitter_card":"summary_large_image","twitter_misc":{"Est. reading time":"9 minutes"},"schema":{"@context":"https:\/\/schema.org","@graph":[{"@type":"WebPage","@id":"https:\/\/alexmiescher.ch\/en\/","url":"https:\/\/alexmiescher.ch\/en\/","name":"Home - Alex Miescher","isPartOf":{"@id":"https:\/\/alexmiescher.ch\/en\/#website"},"datePublished":"2019-01-07T11:29:12+00:00","dateModified":"2024-03-18T12:59:44+00:00","description":"Bringen Sie Ihre Rollen als Manager, Familienmitglied und Mensch wieder in Einklang. Finden Sie Ihren pers\u00f6nlichen F\u00fchrungsstil, der Grundlage f\u00fcr effizientes Teamwork ist und Ihnen erm\u00f6glicht, sowohl die Unternehmensziele zu erreichen, als auch Raum f\u00fcr Ihre pers\u00f6nliche, sinnstiftende Lebensgestaltung zu finden.","breadcrumb":{"@id":"https:\/\/alexmiescher.ch\/en\/#breadcrumb"},"inLanguage":"en-US","potentialAction":[{"@type":"ReadAction","target":["https:\/\/alexmiescher.ch\/en\/"]}]},{"@type":"BreadcrumbList","@id":"https:\/\/alexmiescher.ch\/en\/#breadcrumb","itemListElement":[{"@type":"ListItem","position":1,"name":"Startseite","item":"https:\/\/alexmiescher.ch\/en\/"},{"@type":"ListItem","position":2,"name":"Home"}]},{"@type":"WebSite","@id":"https:\/\/alexmiescher.ch\/en\/#website","url":"https:\/\/alexmiescher.ch\/en\/","name":"Alex Miescher","description":"Consultant","potentialAction":[{"@type":"SearchAction","target":{"@type":"EntryPoint","urlTemplate":"https:\/\/alexmiescher.ch\/en\/?s={search_term_string}"},"query-input":{"@type":"PropertyValueSpecification","valueRequired":true,"valueName":"search_term_string"}}],"inLanguage":"en-US"}]}},"_links":{"self":[{"href":"https:\/\/alexmiescher.ch\/en\/wp-json\/wp\/v2\/pages\/1251","targetHints":{"allow":["GET"]}}],"collection":[{"href":"https:\/\/alexmiescher.ch\/en\/wp-json\/wp\/v2\/pages"}],"about":[{"href":"https:\/\/alexmiescher.ch\/en\/wp-json\/wp\/v2\/types\/page"}],"author":[{"embeddable":true,"href":"https:\/\/alexmiescher.ch\/en\/wp-json\/wp\/v2\/users\/5"}],"replies":[{"embeddable":true,"href":"https:\/\/alexmiescher.ch\/en\/wp-json\/wp\/v2\/comments?post=1251"}],"version-history":[{"count":0,"href":"https:\/\/alexmiescher.ch\/en\/wp-json\/wp\/v2\/pages\/1251\/revisions"}],"wp:attachment":[{"href":"https:\/\/alexmiescher.ch\/en\/wp-json\/wp\/v2\/media?parent=1251"}],"curies":[{"name":"wp","href":"https:\/\/api.w.org\/{rel}","templated":true}]}}